{"id":2613,"date":"2022-02-10T16:26:21","date_gmt":"2022-02-10T16:26:21","guid":{"rendered":"https:\/\/bestplus.lv\/?page_id=2613"},"modified":"2022-08-11T10:10:21","modified_gmt":"2022-08-11T10:10:21","slug":"o-nas","status":"publish","type":"page","link":"https:\/\/bestplus.lv\/ru\/o-nas\/","title":{"rendered":"\u041e \u043d\u0430\u0441"},"content":{"rendered":"<\/div><\/div><\/div><!-- close content main div --><\/div><\/div><div id='av_section_1'  class='avia-section main_color avia-section-default avia-no-border-styling  avia-full-stretch av-section-color-overlay-active avia-bg-style-scroll   av-minimum-height av-minimum-height-25  container_wrap sidebar_right' style='background-repeat: no-repeat; background-image: url(https:\/\/bestplus.lv\/wp-content\/uploads\/2022\/03\/bgrparmums-scaled.jpg);background-attachment: scroll; background-position: top center;  '  data-section-bg-repeat='stretch' data-av_minimum_height_pc='25'><div class='av-section-color-overlay-wrap'><div class='av-section-color-overlay' style='opacity: 0.5; background-color: #0a0a0a; '><\/div><div class='container' ><div class='template-page content  av-content-small alpha units'><div class='post-entry post-entry-type-page post-entry-2613'><div class='entry-content-wrapper clearfix'>\n<section class=\"av_textblock_section \"  itemscope=\"itemscope\" itemtype=\"https:\/\/schema.org\/CreativeWork\" ><div class='avia_textblock  '   itemprop=\"text\" ><h1 style=\"text-align: center;\"><span style=\"color: #ffffff;\">\u041e \u043d\u0430\u0441<\/span><\/h1>\n<\/div><\/section>\n<\/div><\/div><\/div><!-- close content main div --><\/div><\/div><\/div><div id='after_section_1'  class='main_color av_default_container_wrap container_wrap sidebar_right' style=' '  ><div class='container' ><div class='template-page content  av-content-small alpha units'><div class='post-entry post-entry-type-page post-entry-2613'><div class='entry-content-wrapper clearfix'>\n<\/div><\/div><\/div><!-- close content main div --><\/div><\/div><div id='av_section_2'  class='avia-section main_color avia-section-default avia-no-border-styling  avia-bg-style-scroll   container_wrap sidebar_right' style=' '  ><div class='container' ><div class='template-page content  av-content-small alpha units'><div class='post-entry post-entry-type-page post-entry-2613'><div class='entry-content-wrapper clearfix'>\n<div class=\"flex_column av_two_third  flex_column_div av-zero-column-padding first  \" style='border-radius:0px; '><section class=\"av_textblock_section \"  itemscope=\"itemscope\" itemtype=\"https:\/\/schema.org\/CreativeWork\" ><div class='avia_textblock  '   itemprop=\"text\" ><p style=\"text-align: left; font-size: 18px;\">\u041a\u043e\u043c\u043f\u0430\u043d\u0438\u044f SIA BEST PLUS \u043d\u0430\u0447\u0430\u043b\u0430 \u0440\u0430\u0431\u043e\u0442\u0443 \u0432 2006 \u0433\u043e\u0434\u0443.<\/p>\n<\/div><\/section><br \/>\n<section class=\"av_textblock_section \"  itemscope=\"itemscope\" itemtype=\"https:\/\/schema.org\/CreativeWork\" ><div class='avia_textblock  '   itemprop=\"text\" ><p style=\"text-align: left; font-size: 18px;\">\u041d\u0430\u0448 \u043c\u043d\u043e\u0433\u043e\u043b\u0435\u0442\u043d\u0438\u0439 \u043e\u043f\u044b\u0442 \u043f\u043e\u043c\u043e\u0433 \u0432\u044b\u0431\u0440\u0430\u0442\u044c \u0433\u043e\u0434\u0430\u043c\u0438 \u043f\u0440\u043e\u0432\u0435\u0440\u0435\u043d\u043d\u044b\u0445 \u043f\u043e\u0441\u0442\u0430\u0432\u0449\u0438\u043a\u043e\u0432 \u0438 \u043e\u0431\u0435\u0441\u043f\u0435\u0447\u0438\u0442\u044c \u0432\u044b\u0441\u043e\u043a\u043e\u0435 \u043a\u0430\u0447\u0435\u0441\u0442\u0432\u043e \u043c\u043e\u043d\u0442\u0430\u0436\u0430.<\/p>\n<\/div><\/section><br \/>\n<div  style=' margin-top:20px; margin-bottom:30px;'  class='hr hr-custom hr-left hr-icon-no  '><span class='hr-inner   inner-border-av-border-thin' style=' width:100px;' ><span class='hr-inner-style'><\/span><\/span><\/div><br \/>\n<section class=\"av_textblock_section \"  itemscope=\"itemscope\" itemtype=\"https:\/\/schema.org\/CreativeWork\" ><div class='avia_textblock  '   itemprop=\"text\" ><p style=\"text-align: left; font-size: 18px;\">SIA BEST PLUS \u0434\u043e\u0441\u0442\u0430\u0432\u043b\u044f\u0435\u0442 \u0438 \u0443\u0441\u0442\u0430\u043d\u0430\u0432\u043b\u0438\u0432\u0430\u0435\u0442:<\/p>\n<ul style=\"text-align: left; font-size: 18px; line-height: 1.4;\">\n<li style=\"text-align: left;\">\u041e\u043a\u043d\u0430 (\u041f\u0412\u0425, \u0410\u043b\u044e\u043c\u0438\u043d\u0438\u0435\u0432\u044b\u0435)<\/li>\n<li style=\"text-align: left;\">\u0414\u0432\u0435\u0440\u0438 (\u041c\u0435\u0442\u0430\u043b\u043b\u0438\u0447\u0435\u0441\u043a\u0438\u0435, \u041f\u0412\u0425, \u0410\u043b\u044e\u043c\u0438\u043d\u0438\u0435\u0432\u044b\u0435)<\/li>\n<li style=\"text-align: left;\">\u0412\u043e\u0440\u043e\u0442\u0430 (\u0413\u0430\u0440\u0430\u0436\u043d\u044b\u0435, \u041f\u0440\u043e\u043c\u044b\u0448\u043b\u0435\u043d\u043d\u044b\u0435, \u0410\u0432\u0442\u043e\u043c\u0430\u0442\u0438\u043a\u0430 \u0434\u043b\u044f \u0432\u043e\u0440\u043e\u0442)<\/li>\n<li style=\"text-align: left;\">\u0412\u0441\u0435 \u0442\u0438\u043f\u044b \u0436\u0430\u043b\u044e\u0437\u0438<\/li>\n<li style=\"text-align: left;\">\u0410\u043b\u044e\u043c\u0438\u043d\u0438\u0435\u0432\u044b\u0435 \u043a\u043e\u043d\u0441\u0442\u0440\u0443\u043a\u0446\u0438\u0438<\/li>\n<\/ul>\n<\/div><\/section><br \/>\n<div  style=' margin-top:20px; margin-bottom:30px;'  class='hr hr-custom hr-left hr-icon-no  '><span class='hr-inner   inner-border-av-border-thin' style=' width:100px;' ><span class='hr-inner-style'><\/span><\/span><\/div><br \/>\n<section class=\"av_textblock_section \"  itemscope=\"itemscope\" itemtype=\"https:\/\/schema.org\/CreativeWork\" ><div class='avia_textblock  '   itemprop=\"text\" ><p style=\"text-align: left; font-size: 18px;\">\u0412 \u043d\u0430\u0448\u0435\u043c \u043e\u0444\u0438\u0441\u0435 (Maskavas iela 20, R\u0113zekne) \u0412\u044b \u0441\u043c\u043e\u0436\u0435\u0442\u0435 \u043d\u0430\u0439\u0442\u0438 \u0448\u0438\u0440\u043e\u043a\u0438\u0439 \u0441\u043e\u0440\u0442\u0438\u043c\u0435\u043d\u0442\u00a0 \u0442\u043e\u0432\u0430\u0440\u043e\u0432.\u00a0 \u0414\u043e\u0431\u0440\u043e \u043f\u043e\u0436\u0430\u043b\u043e\u0432\u0430\u0442\u044c!<\/p>\n<\/div><\/section><\/p><\/div><div class=\"flex_column av_one_third  flex_column_div av-zero-column-padding   \" style='border-radius:0px; '><div  class='avia-gallery  avia-gallery-1 avia_lazyload avia-gallery-animate avia_animate_when_visible '  itemprop=\"image\" itemscope=\"itemscope\" itemtype=\"https:\/\/schema.org\/ImageObject\" ><a class='avia-gallery-big fakeLightbox lightbox avia-gallery-big-crop-thumb ' href='https:\/\/bestplus.lv\/wp-content\/uploads\/2022\/03\/2.jpg'  data-onclick='1' title='Logi un \u017dal\u016bzijas' ><span class='avia-gallery-big-inner'  itemprop=\"thumbnailUrl\" >\t<img width='495' height='400' src='https:\/\/bestplus.lv\/wp-content\/uploads\/2022\/03\/2-495x400.jpg' title='2' alt='' \/>\t<span class='avia-gallery-caption'>Logi un \u017dal\u016bzijas<\/span><\/span><\/a><div class='avia-gallery-thumb'> <a href='https:\/\/bestplus.lv\/wp-content\/uploads\/2022\/03\/2.jpg' data-rel='gallery-1' data-prev-img='https:\/\/bestplus.lv\/wp-content\/uploads\/2022\/03\/2-495x400.jpg' class='first_thumb lightbox ' data-onclick='1' title='Logi un \u017dal\u016bzijas'  itemprop=\"thumbnailUrl\" ><img data-avia-tooltip='Logi un \u017dal\u016bzijas' src='https:\/\/bestplus.lv\/wp-content\/uploads\/2022\/03\/2-495x400.jpg' width='495' height='400'  title='2' alt='' \/><\/a> <a href='https:\/\/bestplus.lv\/wp-content\/uploads\/2022\/03\/5.jpg' data-rel='gallery-1' data-prev-img='https:\/\/bestplus.lv\/wp-content\/uploads\/2022\/03\/5-495x400.jpg' class='lightbox ' data-onclick='2' title='Durvis'  itemprop=\"thumbnailUrl\" ><img data-avia-tooltip='Durvis' src='https:\/\/bestplus.lv\/wp-content\/uploads\/2022\/03\/5-495x400.jpg' width='495' height='400'  title='5' alt='' \/><\/a> <a href='https:\/\/bestplus.lv\/wp-content\/uploads\/2022\/03\/4.jpg' data-rel='gallery-1' data-prev-img='https:\/\/bestplus.lv\/wp-content\/uploads\/2022\/03\/4-495x400.jpg' class='lightbox ' data-onclick='3' title='Logi'  itemprop=\"thumbnailUrl\" ><img data-avia-tooltip='Logi' src='https:\/\/bestplus.lv\/wp-content\/uploads\/2022\/03\/4-495x400.jpg' width='495' height='400'  title='4' alt='' \/><\/a> <a href='https:\/\/bestplus.lv\/wp-content\/uploads\/2022\/03\/1.jpg' data-rel='gallery-1' data-prev-img='https:\/\/bestplus.lv\/wp-content\/uploads\/2022\/03\/1-495x400.jpg' class='first_thumb lightbox ' data-onclick='4' title=''  itemprop=\"thumbnailUrl\" ><img  src='https:\/\/bestplus.lv\/wp-content\/uploads\/2022\/03\/1-495x400.jpg' width='495' height='400'  title='1' alt='' \/><\/a> <a href='https:\/\/bestplus.lv\/wp-content\/uploads\/2022\/03\/3.jpg' data-rel='gallery-1' data-prev-img='https:\/\/bestplus.lv\/wp-content\/uploads\/2022\/03\/3-495x400.jpg' class='lightbox ' data-onclick='5' title='Gar\u0101\u017eu un Teritori\u0101lie v\u0101rti. V\u0101rtu autom\u0101tika'  itemprop=\"thumbnailUrl\" ><img data-avia-tooltip='Gar\u0101\u017eu un Teritori\u0101lie v\u0101rti. V\u0101rtu autom\u0101tika' src='https:\/\/bestplus.lv\/wp-content\/uploads\/2022\/03\/3-495x400.jpg' width='495' height='400'  title='3' alt='' \/><\/a><\/div><\/div><\/div>\n<\/div><\/div><\/div><!-- close content main div --><\/div><\/div><div id='after_section_2'  class='main_color av_default_container_wrap container_wrap sidebar_right' style=' '  ><div class='container' ><div class='template-page content  av-content-small alpha units'><div class='post-entry post-entry-type-page post-entry-2613'><div class='entry-content-wrapper clearfix'>\n<\/div><\/div><\/div><!-- close content main div --><\/div><\/div><div id='av_section_3'  class='avia-section main_color avia-section-default avia-no-border-styling  avia-bg-style-scroll   container_wrap sidebar_right' style='background-color: #dbdbdb; background-repeat: no-repeat; background-image: url(https:\/\/bestplus.lv\/wp-content\/uploads\/2021\/03\/bgr3.png);background-attachment: scroll; background-position: center left;  '  data-section-bg-repeat='no-repeat'><div class='container' ><div class='template-page content  av-content-small alpha units'><div class='post-entry post-entry-type-page post-entry-2613'><div class='entry-content-wrapper clearfix'>\n<div class='flex_column_table av-equal-height-column-flextable -flextable' ><div class=\"flex_column av_one_fourth  flex_column_table_cell av-equal-height-column av-align-top first  \" style='padding:20px; border-radius:0px; '><div  class='avia-image-container  av-styling-  noHover  av-overlay-on-hover   avia-align-center '  itemprop=\"image\" itemscope=\"itemscope\" itemtype=\"https:\/\/schema.org\/ImageObject\"  ><div class='avia-image-container-inner'><div class='avia-image-overlay-wrap'><div class='av-image-caption-overlay'><div class='av-caption-image-overlay-bg' style='opacity:1; '><\/div><div class='av-image-caption-overlay-position'><div class='av-image-caption-overlay-center' style='color:#0a0a0a; font-size:14px; '><p class=\"iconhover\" style=\"background-color: white; font-weight: 900; letter-spacing: 1px; font-size: 14px; padding-top: 5px; padding-bottom: 5px;\">\u041e\u0442\u0432\u0435\u0447\u0430\u0435\u0442 \u0441\u0442\u0430\u043d\u0434\u0430\u0440\u0442\u0430\u043c \u043a\u0430\u0447\u0435\u0441\u0442\u0432\u0430 CE \u0438 ISO<\/p>\n<p class=\"iconhover\" style=\"background-color: white; font-weight: 900; letter-spacing: 1px; font-size: 14px; padding-top: 5px; padding-bottom: 5px;\">\u0413\u0430\u0440\u0430\u043d\u0442\u0438\u044f \u0434\u043e 10 \u043b\u0435\u0442<\/p>\n<\/div><\/div><\/div><img class='avia_image' src='https:\/\/bestplus.lv\/wp-content\/uploads\/2021\/03\/sertifikati-1.png' alt='' title='sertifikati' height=\"80\" width=\"200\"  itemprop=\"thumbnailUrl\"  \/><\/div><\/div><\/div><br \/>\n<section class=\"av_textblock_section \"  itemscope=\"itemscope\" itemtype=\"https:\/\/schema.org\/CreativeWork\" ><div class='avia_textblock  '   itemprop=\"text\" ><h3 style=\"text-align: center; text-transform: none;\">\u0421\u0435\u0440\u0442\u0438\u0444\u0438\u0446\u0438\u0440\u043e\u0432\u0430\u043d\u043d\u044b\u0439 \u043c\u0430\u0442\u0435\u0440\u0438\u0430\u043b<\/h3>\n<\/div><\/section><\/p><\/div><\/div><!--close column table wrapper. Autoclose: 1 --><div class='flex_column_table av-equal-height-column-flextable -flextable' ><div class='av-flex-placeholder'><\/div><div class=\"flex_column av_one_fourth  flex_column_table_cell av-equal-height-column av-align-top   \" style='padding:20px; border-radius:0px; '><div  class='avia-image-container  av-styling-  noHover  av-overlay-on-hover   avia-align-center '  itemprop=\"image\" itemscope=\"itemscope\" itemtype=\"https:\/\/schema.org\/ImageObject\"  ><div class='avia-image-container-inner'><div class='avia-image-overlay-wrap'><div class='av-image-caption-overlay'><div class='av-caption-image-overlay-bg' style='opacity:1; '><\/div><div class='av-image-caption-overlay-position'><div class='av-image-caption-overlay-center' style='color:#0a0a0a; '><p class=\"iconhover\" style=\"background-color: white; font-weight: 900; letter-spacing: 1px; font-size: 14px; padding-top: 5px; padding-bottom: 5px;\">\u041f\u0440\u044f\u043c\u043e \u0441 \u0437\u0430\u0432\u043e\u0434\u0430, \u0431\u0435\u0437 \u043d\u0430\u0446\u0435\u043d\u043a\u0438<\/p>\n<p class=\"iconhover\" style=\"background-color: white; font-weight: 900; letter-spacing: 1px; font-size: 14px; padding-top: 5px; padding-bottom: 5px;\">\u041f\u0440\u043e\u0438\u0437\u0432\u043e\u0434\u0441\u0442\u0432\u043e \u0432 \u0441\u0440\u0435\u0434\u043d\u0435\u043c 2 \u043d\u0435\u0434\u0435\u043b\u0438<\/p>\n<\/div><\/div><\/div><img class='avia_image' src='https:\/\/bestplus.lv\/wp-content\/uploads\/2021\/03\/razosana.png' alt='' title='razosana' height=\"80\" width=\"200\"  itemprop=\"thumbnailUrl\"  \/><\/div><\/div><\/div><br \/>\n<section class=\"av_textblock_section \"  itemscope=\"itemscope\" itemtype=\"https:\/\/schema.org\/CreativeWork\" ><div class='avia_textblock  '   itemprop=\"text\" ><h3 style=\"text-align: center; text-transform: none;\">\u0426\u0435\u043d\u044b \u043f\u0440\u043e\u0438\u0437\u0432\u043e\u0434\u0438\u0442\u0435\u043b\u044f<\/h3>\n<\/div><\/section><\/p><\/div><\/div><!--close column table wrapper. Autoclose: 1 --><div class='flex_column_table av-equal-height-column-flextable -flextable' ><div class='av-flex-placeholder'><\/div><div class=\"flex_column av_one_fourth  flex_column_table_cell av-equal-height-column av-align-top   \" style='padding:20px; border-radius:0px; '><div  class='avia-image-container  av-styling-  noHover  av-overlay-on-hover   avia-align-center '  itemprop=\"image\" itemscope=\"itemscope\" itemtype=\"https:\/\/schema.org\/ImageObject\"  ><div class='avia-image-container-inner'><div class='avia-image-overlay-wrap'><div class='av-image-caption-overlay'><div class='av-caption-image-overlay-bg' style='opacity:0.1; '><\/div><div class='av-image-caption-overlay-position'><div class='av-image-caption-overlay-center' style='color:#0a0a0a; font-size:14px; '><p class=\"iconhover\" style=\"background-color: white; font-weight: 900; letter-spacing: 1px; font-size: 14px; padding-top: 5px; padding-bottom: 5px;\">\u041f\u0440\u043e\u0438\u0437\u0432\u043e\u0434\u0441\u0442\u0432\u043e<\/p>\n<p class=\"iconhover\" style=\"background-color: white; font-weight: 900; letter-spacing: 1px; font-size: 14px; padding-top: 5px; padding-bottom: 5px;\">\u0414\u043e\u0441\u0442\u0430\u0432\u043a\u0430<\/p>\n<p class=\"iconhover\" style=\"background-color: white; font-weight: 900; letter-spacing: 1px; font-size: 14px; padding-top: 5px; padding-bottom: 5px;\">\u0423\u0441\u0442\u0430\u043d\u043e\u0432\u043a\u0430<\/p>\n<p class=\"iconhover\" style=\"background-color: white; font-weight: 900; letter-spacing: 1px; font-size: 14px; padding-top: 5px; padding-bottom: 5px;\">\u041e\u0431\u0441\u043b\u0443\u0436\u0438\u0432\u0430\u043d\u0438\u0435<\/p>\n<\/div><\/div><\/div><img class='avia_image' src='https:\/\/bestplus.lv\/wp-content\/uploads\/2021\/03\/pilns-serviss.png' alt='' title='pilns serviss' height=\"80\" width=\"200\"  itemprop=\"thumbnailUrl\"  \/><\/div><\/div><\/div><br \/>\n<section class=\"av_textblock_section \"  itemscope=\"itemscope\" itemtype=\"https:\/\/schema.org\/CreativeWork\" ><div class='avia_textblock  '   itemprop=\"text\" ><h3 style=\"text-align: center; text-transform: none;\">\u0412\u0441\u0451 \u0432\u043a\u043b\u044e\u0447\u0435\u043d\u043e<\/h3>\n<\/div><\/section><\/p><\/div><\/div><!--close column table wrapper. Autoclose: 1 --><div class='flex_column_table av-equal-height-column-flextable -flextable' ><div class='av-flex-placeholder'><\/div><div class=\"flex_column av_one_fourth  flex_column_table_cell av-equal-height-column av-align-top   \" style='padding:20px; border-radius:0px; '><div  class='avia-image-container  av-styling-  noHover  av-overlay-on-hover   avia-align-center '  itemprop=\"image\" itemscope=\"itemscope\" itemtype=\"https:\/\/schema.org\/ImageObject\"  ><div class='avia-image-container-inner'><div class='avia-image-overlay-wrap'><div class='av-image-caption-overlay'><div class='av-caption-image-overlay-bg' style='opacity:0.1; '><\/div><div class='av-image-caption-overlay-position'><div class='av-image-caption-overlay-center' style='color:#0a0a0a; font-size:14px; '><p class=\"iconhover\" style=\"background-color: white; font-weight: 900; letter-spacing: 1px; font-size: 14px; padding-top: 5px; padding-bottom: 5px;\">\u0428\u0438\u0440\u043e\u043a\u0438\u0439 \u0441\u043f\u0435\u043a\u0442\u0440 \u0443\u0441\u043b\u0443\u0433 \u0438 \u0440\u0435\u0448\u0435\u043d\u0438\u0439<\/p>\n<\/div><\/div><\/div><img class='avia_image' src='https:\/\/bestplus.lv\/wp-content\/uploads\/2021\/03\/nestandarta-risinajumi-1.png' alt='' title='nestandarta risinajumi' height=\"80\" width=\"200\"  itemprop=\"thumbnailUrl\"  \/><\/div><\/div><\/div><br \/>\n<section class=\"av_textblock_section \"  itemscope=\"itemscope\" itemtype=\"https:\/\/schema.org\/CreativeWork\" ><div class='avia_textblock  '   itemprop=\"text\" ><h3 style=\"text-align: center; text-transform: none;\">\u041d\u0435\u0441\u0442\u0430\u043d\u0434\u0430\u0440\u0442\u043d\u044b\u0435 \u0440\u0435\u0448\u0435\u043d\u0438\u044f<\/h3>\n<\/div><\/section><\/p><\/div><\/div><!--close column table wrapper. Autoclose: 1 -->\n<\/div><\/div><\/div><!-- close content main div --><\/div><\/div><div id='after_section_3'  class='main_color av_default_container_wrap container_wrap sidebar_right' style=' '  ><div class='container' ><div class='template-page content  av-content-small alpha units'><div class='post-entry post-entry-type-page post-entry-2613'><div class='entry-content-wrapper clearfix'>\n","protected":false},"excerpt":{"rendered":"","protected":false},"author":1,"featured_media":0,"parent":0,"menu_order":0,"comment_status":"closed","ping_status":"closed","template":"","meta":[],"_links":{"self":[{"href":"https:\/\/bestplus.lv\/ru\/wp-json\/wp\/v2\/pages\/2613"}],"collection":[{"href":"https:\/\/bestplus.lv\/ru\/wp-json\/wp\/v2\/pages"}],"about":[{"href":"https:\/\/bestplus.lv\/ru\/wp-json\/wp\/v2\/types\/page"}],"author":[{"embeddable":true,"href":"https:\/\/bestplus.lv\/ru\/wp-json\/wp\/v2\/users\/1"}],"replies":[{"embeddable":true,"href":"https:\/\/bestplus.lv\/ru\/wp-json\/wp\/v2\/comments?post=2613"}],"version-history":[{"count":6,"href":"https:\/\/bestplus.lv\/ru\/wp-json\/wp\/v2\/pages\/2613\/revisions"}],"predecessor-version":[{"id":3026,"href":"https:\/\/bestplus.lv\/ru\/wp-json\/wp\/v2\/pages\/2613\/revisions\/3026"}],"wp:attachment":[{"href":"https:\/\/bestplus.lv\/ru\/wp-json\/wp\/v2\/media?parent=2613"}],"curies":[{"name":"wp","href":"https:\/\/api.w.org\/{rel}","templated":true}]}}